{"id":774,"date":"2021-03-23T15:12:37","date_gmt":"2021-03-23T22:12:37","guid":{"rendered":"https:\/\/portia.tpa.kgix.net\/~dominusestate\/content\/?page_id=774"},"modified":"2021-10-06T11:14:13","modified_gmt":"2021-10-06T18:14:13","slug":"architecture","status":"publish","type":"page","link":"https:\/\/portia.tpa.kgix.net\/~dominusestate\/content\/architecture\/","title":{"rendered":"Architecture"},"content":{"rendered":"\t\t<div data-elementor-type=\"wp-page\" data-elementor-id=\"774\" class=\"elementor elementor-774\" data-elementor-settings=\"[]\">\n\t\t\t\t\t\t\t<div class=\"elementor-section-wrap\">\n\t\t\t\t\t\t\t<section class=\"elementor-section elementor-top-section elementor-element elementor-element-15015f23 elementor-section-full_width elementor-section-height-default elementor-section-height-default parallax_section_no qode_elementor_container_no\" data-id=\"15015f23\" data-element_type=\"section\">\n\t\t\t\t\t\t<div class=\"elementor-container elementor-column-gap-default\">\n\t\t\t\t\t<div class=\"elementor-column elementor-col-100 elementor-top-column elementor-element elementor-element-402cd1cb\" data-id=\"402cd1cb\" data-element_type=\"column\">\n\t\t\t<div class=\"elementor-widget-wrap elementor-element-populated\">\n\t\t\t\t\t\t\t\t<div class=\"elementor-element elementor-element-d5a9c93 elementor-widget elementor-widget-image\" data-id=\"d5a9c93\" data-element_type=\"widget\" data-widget_type=\"image.default\">\n\t\t\t\t<div class=\"elementor-widget-container\">\n\t\t\t\t\t<div class=\"elementor-image\">\n\t\t\t\t\t\t\t\t\t\t<img loading=\"lazy\" decoding=\"async\" width=\"2000\" height=\"1280\" src=\"https:\/\/portia.tpa.kgix.net\/~dominusestate\/content\/wp-content\/uploads\/2021\/03\/dominus_winter_2021_0317.jpg\" class=\"attachment-full size-full\" alt=\"Vineyard with blue skies\" srcset=\"https:\/\/portia.tpa.kgix.net\/~dominusestate\/content\/wp-content\/uploads\/2021\/03\/dominus_winter_2021_0317.jpg 2000w, https:\/\/portia.tpa.kgix.net\/~dominusestate\/content\/wp-content\/uploads\/2021\/03\/dominus_winter_2021_0317-300x192.jpg 300w, https:\/\/portia.tpa.kgix.net\/~dominusestate\/content\/wp-content\/uploads\/2021\/03\/dominus_winter_2021_0317-1024x655.jpg 1024w, https:\/\/portia.tpa.kgix.net\/~dominusestate\/content\/wp-content\/uploads\/2021\/03\/dominus_winter_2021_0317-768x492.jpg 768w, https:\/\/portia.tpa.kgix.net\/~dominusestate\/content\/wp-content\/uploads\/2021\/03\/dominus_winter_2021_0317-1536x983.jpg 1536w, https:\/\/portia.tpa.kgix.net\/~dominusestate\/content\/wp-content\/uploads\/2021\/03\/dominus_winter_2021_0317-700x448.jpg 700w\" sizes=\"auto, (max-width: 2000px) 100vw, 2000px\" \/>\t\t\t\t\t\t\t\t\t\t\t<\/div>\n\t\t\t\t<\/div>\n\t\t\t\t<\/div>\n\t\t\t\t\t<\/div>\n\t\t<\/div>\n\t\t\t\t\t\t\t<\/div>\n\t\t<\/section>\n\t\t\t\t<section class=\"elementor-section elementor-top-section elementor-element elementor-element-7b3e4d91 qode_elementor_container_inner elementor-section-content-bottom elementor-section-boxed elementor-section-height-default elementor-section-height-default parallax_section_no\" data-id=\"7b3e4d91\" data-element_type=\"section\">\n\t\t\t\t\t\t<div class=\"elementor-container elementor-column-gap-default\">\n\t\t\t\t\t<div class=\"elementor-column elementor-col-100 elementor-top-column elementor-element elementor-element-7a05e2b4\" data-id=\"7a05e2b4\" data-element_type=\"column\">\n\t\t\t<div class=\"elementor-widget-wrap elementor-element-populated\">\n\t\t\t\t\t\t\t\t<div class=\"elementor-element elementor-element-b2b1606 elementor-widget elementor-widget-heading\" data-id=\"b2b1606\" data-element_type=\"widget\" data-widget_type=\"heading.default\">\n\t\t\t\t<div class=\"elementor-widget-container\">\n\t\t\t<h1 class=\"elementor-heading-title elementor-size-default\">ARCHITECTURE<\/h1>\t\t<\/div>\n\t\t\t\t<\/div>\n\t\t\t\t<section class=\"elementor-section elementor-inner-section elementor-element elementor-element-c183f3b elementor-section-full_width elementor-section-height-default elementor-section-height-default parallax_section_no qode_elementor_container_no\" data-id=\"c183f3b\" data-element_type=\"section\">\n\t\t\t\t\t\t<div class=\"elementor-container elementor-column-gap-wider\">\n\t\t\t\t\t<div class=\"elementor-column elementor-col-50 elementor-inner-column elementor-element elementor-element-07e4292\" data-id=\"07e4292\" data-element_type=\"column\">\n\t\t\t<div class=\"elementor-widget-wrap elementor-element-populated\">\n\t\t\t\t\t\t\t\t<div class=\"elementor-element elementor-element-82fa9bc elementor-widget elementor-widget-text-editor\" data-id=\"82fa9bc\" data-element_type=\"widget\" data-widget_type=\"text-editor.default\">\n\t\t\t\t<div class=\"elementor-widget-container\">\n\t\t\t\t\t<div class=\"elementor-text-editor elementor-clearfix\"><p>Minimalist in design yet enigmatic in perception, the Dominus winery was completed in 1997 by the Swiss architects Jacques Herzog and Pierre de Meuron. Gabions (filled with local basalt rocks) had never before been used in building construction and serve a practical function as insulation against the extreme temperatures of the Napa Valley. From afar, the structure imperceptibly blends into the landscape, an intentional effect, underscoring the primacy of the vineyard. The winery was Herzog and de Meuron\u2019s first project outside of Europe.<\/p><\/div>\n\t\t\t\t<\/div>\n\t\t\t\t<\/div>\n\t\t\t\t\t<\/div>\n\t\t<\/div>\n\t\t\t\t<div class=\"elementor-column elementor-col-50 elementor-inner-column elementor-element elementor-element-5d771b3\" data-id=\"5d771b3\" data-element_type=\"column\">\n\t\t\t<div class=\"elementor-widget-wrap elementor-element-populated\">\n\t\t\t\t\t\t\t\t<div class=\"elementor-element elementor-element-94ebcf9 elementor-widget elementor-widget-text-editor\" data-id=\"94ebcf9\" data-element_type=\"widget\" data-widget_type=\"text-editor.default\">\n\t\t\t\t<div class=\"elementor-widget-container\">\n\t\t\t\t\t<div class=\"elementor-text-editor elementor-clearfix\"><p>Since then, they have designed numerous renowned buildings, including the Tate Modern (London), the Prada boutique (Tokyo), the de Young Museum (San Francisco), the \u201cBird\u2019s Nest\u201d stadium (Beijing), and the Elbphilharmonie (Hamburg). In 2001, they were awarded the Pritzker Prize, contemporary architecture\u2019s highest award.<\/p><p>More recently, the architects have designed a new winery for our Saint-Emilion Premier Grand Cru Class\u00e9, Ch\u00e2teau B\u00e9lair-Monange.<\/p><\/div>\n\t\t\t\t<\/div>\n\t\t\t\t<\/div>\n\t\t\t\t\t<\/div>\n\t\t<\/div>\n\t\t\t\t\t\t\t<\/div>\n\t\t<\/section>\n\t\t\t\t\t<\/div>\n\t\t<\/div>\n\t\t\t\t\t\t\t<\/div>\n\t\t<\/section>\n\t\t\t\t<section class=\"elementor-section elementor-top-section elementor-element elementor-element-8afa014 qode_elementor_container_inner elementor-section-boxed elementor-section-height-default elementor-section-height-default parallax_section_no\" data-id=\"8afa014\" data-element_type=\"section\">\n\t\t\t\t\t\t<div class=\"elementor-container elementor-column-gap-default\">\n\t\t\t\t\t<div class=\"elementor-column elementor-col-100 elementor-top-column elementor-element elementor-element-b2a9d75\" data-id=\"b2a9d75\" data-element_type=\"column\">\n\t\t\t<div class=\"elementor-widget-wrap elementor-element-populated\">\n\t\t\t\t\t\t\t\t<div class=\"elementor-element elementor-element-53e5dfc elementor-aspect-ratio-169 elementor-widget elementor-widget-video\" data-id=\"53e5dfc\" data-element_type=\"widget\" data-settings=\"{&quot;video_type&quot;:&quot;hosted&quot;,&quot;loop&quot;:&quot;yes&quot;,&quot;start&quot;:0,&quot;autoplay&quot;:&quot;yes&quot;,&quot;mute&quot;:&quot;yes&quot;,&quot;play_on_mobile&quot;:&quot;yes&quot;,&quot;aspect_ratio&quot;:&quot;169&quot;}\" data-widget_type=\"video.default\">\n\t\t\t\t<div class=\"elementor-widget-container\">\n\t\t\t\t\t<div class=\"e-hosted-video elementor-wrapper elementor-fit-aspect-ratio elementor-open-inline\">\n\t\t\t\t\t<video class=\"elementor-video\" src=\"https:\/\/portia.tpa.kgix.net\/~dominusestate\/content\/wp-content\/uploads\/2021\/09\/loop-1.mp4\" autoplay=\"\" loop=\"\" muted=\"muted\" playsinline=\"\" controlsList=\"nodownload\"><\/video>\n\t\t\t\t<\/div>\n\t\t\t\t<\/div>\n\t\t\t\t<\/div>\n\t\t\t\t\t<\/div>\n\t\t<\/div>\n\t\t\t\t\t\t\t<\/div>\n\t\t<\/section>\n\t\t\t\t<section class=\"elementor-section elementor-top-section elementor-element elementor-element-f692622 elementor-section-full_width elementor-section-stretched elementor-section-height-default elementor-section-height-default parallax_section_no qode_elementor_container_no\" data-id=\"f692622\" data-element_type=\"section\" data-settings=\"{&quot;stretch_section&quot;:&quot;section-stretched&quot;,&quot;background_background&quot;:&quot;classic&quot;}\">\n\t\t\t\t\t\t<div class=\"elementor-container elementor-column-gap-default\">\n\t\t\t\t\t<div class=\"elementor-column elementor-col-100 elementor-top-column elementor-element elementor-element-fa8d135\" data-id=\"fa8d135\" data-element_type=\"column\">\n\t\t\t<div class=\"elementor-widget-wrap elementor-element-populated\">\n\t\t\t\t\t\t\t\t<div class=\"elementor-element elementor-element-7645b8f elementor-widget elementor-widget-spacer\" data-id=\"7645b8f\" data-element_type=\"widget\" data-widget_type=\"spacer.default\">\n\t\t\t\t<div class=\"elementor-widget-container\">\n\t\t\t\t\t<div class=\"elementor-spacer\">\n\t\t\t<div class=\"elementor-spacer-inner\"><\/div>\n\t\t<\/div>\n\t\t\t\t<\/div>\n\t\t\t\t<\/div>\n\t\t\t\t\t<\/div>\n\t\t<\/div>\n\t\t\t\t\t\t\t<\/div>\n\t\t<\/section>\n\t\t\t\t<section class=\"elementor-section elementor-top-section elementor-element elementor-element-d91de55 elementor-section-content-middle elementor-section-boxed elementor-section-height-default elementor-section-height-default parallax_section_no qode_elementor_container_no\" data-id=\"d91de55\" data-element_type=\"section\" id=\"footer_navi\" data-settings=\"{&quot;background_background&quot;:&quot;classic&quot;}\">\n\t\t\t\t\t\t<div class=\"elementor-container elementor-column-gap-default\">\n\t\t\t\t\t<div class=\"elementor-column elementor-col-16 elementor-top-column elementor-element elementor-element-107f4d5 elementor-hidden-phone\" data-id=\"107f4d5\" data-element_type=\"column\">\n\t\t\t<div class=\"elementor-widget-wrap elementor-element-populated\">\n\t\t\t\t\t\t\t\t<div class=\"elementor-element elementor-element-7c98b08 elementor-widget elementor-widget-bridge_icon\" data-id=\"7c98b08\" data-element_type=\"widget\" data-widget_type=\"bridge_icon.default\">\n\t\t\t\t<div class=\"elementor-widget-container\">\n\t\t\t<span data-type=\"normal\"  class=\"qode_icon_shortcode  q_font_awsome_icon fa-lg pull-right \" style=\" \"><a  itemprop=\"url\" href=\"https:\/\/portia.tpa.kgix.net\/~dominusestate\/content\/wines-for-the-ages\" target=\"_self\"><span aria-hidden=\"true\" class=\"qode-icon-kiko kikor kiko-triangular-arrow-left qode_icon_element\" style=\"\" ><\/span><\/a><\/span>\t\t<\/div>\n\t\t\t\t<\/div>\n\t\t\t\t\t<\/div>\n\t\t<\/div>\n\t\t\t\t<div class=\"elementor-column elementor-col-66 elementor-top-column elementor-element elementor-element-7ab8036\" data-id=\"7ab8036\" data-element_type=\"column\">\n\t\t\t<div class=\"elementor-widget-wrap elementor-element-populated\">\n\t\t\t\t\t\t\t\t<div class=\"elementor-element elementor-element-99c6e82 elementor-widget elementor-widget-heading\" data-id=\"99c6e82\" data-element_type=\"widget\" data-widget_type=\"heading.default\">\n\t\t\t\t<div class=\"elementor-widget-container\">\n\t\t\t<h4 class=\"elementor-heading-title elementor-size-default\"><a href=\"https:\/\/portia.tpa.kgix.net\/~dominusestate\/content\/christian-moueix\/\">Christian Moueix<\/a><\/h4>\t\t<\/div>\n\t\t\t\t<\/div>\n\t\t\t\t\t<\/div>\n\t\t<\/div>\n\t\t\t\t<div class=\"elementor-column elementor-col-16 elementor-top-column elementor-element elementor-element-389b8ea elementor-hidden-phone\" data-id=\"389b8ea\" data-element_type=\"column\">\n\t\t\t<div class=\"elementor-widget-wrap elementor-element-populated\">\n\t\t\t\t\t\t\t\t<div class=\"elementor-element elementor-element-e213ff5 elementor-widget elementor-widget-bridge_icon\" data-id=\"e213ff5\" data-element_type=\"widget\" data-widget_type=\"bridge_icon.default\">\n\t\t\t\t<div class=\"elementor-widget-container\">\n\t\t\t<span data-type=\"normal\"  class=\"qode_icon_shortcode  q_font_awsome_icon fa-lg pull-left \" style=\" \"><a  itemprop=\"url\" href=\"https:\/\/portia.tpa.kgix.net\/~dominusestate\/content\/christian-moueix\/\" target=\"_self\"><span aria-hidden=\"true\" class=\"qode-icon-kiko kikor kiko-triangular-arrow-right qode_icon_element\" style=\"\" ><\/span><\/a><\/span>\t\t<\/div>\n\t\t\t\t<\/div>\n\t\t\t\t\t<\/div>\n\t\t<\/div>\n\t\t\t\t\t\t\t<\/div>\n\t\t<\/section>\n\t\t\t\t\t\t<\/div>\n\t\t\t\t\t<\/div>\n\t\t","protected":false},"excerpt":{"rendered":"<p>ARCHITECTURE Minimalist in design yet enigmatic in perception, the Dominus winery was completed in 1997 by the Swiss architects Jacques Herzog and Pierre de Meuron&#8230;.<\/p>\n","protected":false},"author":1,"featured_media":0,"parent":0,"menu_order":0,"comment_status":"closed","ping_status":"closed","template":"elementor_header_footer","meta":{"footnotes":""},"class_list":["post-774","page","type-page","status-publish","hentry"],"_links":{"self":[{"href":"https:\/\/portia.tpa.kgix.net\/~dominusestate\/content\/wp-json\/wp\/v2\/pages\/774","targetHints":{"allow":["GET"]}}],"collection":[{"href":"https:\/\/portia.tpa.kgix.net\/~dominusestate\/content\/wp-json\/wp\/v2\/pages"}],"about":[{"href":"https:\/\/portia.tpa.kgix.net\/~dominusestate\/content\/wp-json\/wp\/v2\/types\/page"}],"author":[{"embeddable":true,"href":"https:\/\/portia.tpa.kgix.net\/~dominusestate\/content\/wp-json\/wp\/v2\/users\/1"}],"replies":[{"embeddable":true,"href":"https:\/\/portia.tpa.kgix.net\/~dominusestate\/content\/wp-json\/wp\/v2\/comments?post=774"}],"version-history":[{"count":167,"href":"https:\/\/portia.tpa.kgix.net\/~dominusestate\/content\/wp-json\/wp\/v2\/pages\/774\/revisions"}],"predecessor-version":[{"id":3944,"href":"https:\/\/portia.tpa.kgix.net\/~dominusestate\/content\/wp-json\/wp\/v2\/pages\/774\/revisions\/3944"}],"wp:attachment":[{"href":"https:\/\/portia.tpa.kgix.net\/~dominusestate\/content\/wp-json\/wp\/v2\/media?parent=774"}],"curies":[{"name":"wp","href":"https:\/\/api.w.org\/{rel}","templated":true}]}}